{"id":1823,"date":"2022-08-30T20:16:25","date_gmt":"2022-08-30T20:16:25","guid":{"rendered":"https:\/\/n.upci.org\/?page_id=1823"},"modified":"2024-10-03T00:03:57","modified_gmt":"2024-10-03T00:03:57","slug":"vivre","status":"publish","type":"page","link":"https:\/\/upci.org\/fr\/vivre\/","title":{"rendered":"En direct"},"content":{"rendered":"<div data-elementor-type=\"wp-page\" data-elementor-id=\"1823\" class=\"elementor elementor-1823\" data-elementor-post-type=\"page\">\n\t\t\t\t\t\t<section class=\"elementor-section elementor-top-section elementor-element elementor-element-173bc46 elementor-section-full_width elementor-section-height-default elementor-section-height-default\" data-id=\"173bc46\" data-element_type=\"section\" data-settings=\"{&quot;background_background&quot;:&quot;classic&quot;}\">\n\t\t\t\t\t\t\t<div class=\"elementor-background-overlay\"><\/div>\n\t\t\t\t\t\t\t<div class=\"elementor-container elementor-column-gap-default\">\n\t\t\t\t\t<div class=\"elementor-column elementor-col-100 elementor-top-column elementor-element elementor-element-e18648c\" data-id=\"e18648c\" data-element_type=\"column\">\n\t\t\t<div class=\"elementor-widget-wrap\">\n\t\t\t\t\t\t\t<\/div>\n\t\t<\/div>\n\t\t\t\t\t<\/div>\n\t\t<\/section>\n\t\t\t\t<section class=\"elementor-section elementor-top-section elementor-element elementor-element-fa3c1bd elementor-section-full_width elementor-section-content-top elementor-section-height-default elementor-section-height-default\" data-id=\"fa3c1bd\" data-element_type=\"section\" data-settings=\"{&quot;background_background&quot;:&quot;classic&quot;}\">\n\t\t\t\t\t\t\t<div class=\"elementor-background-overlay\"><\/div>\n\t\t\t\t\t\t\t<div class=\"elementor-container elementor-column-gap-wide\">\n\t\t\t\t\t<div class=\"elementor-column elementor-col-100 elementor-top-column elementor-element elementor-element-67d0b27\" data-id=\"67d0b27\" data-element_type=\"column\" data-settings=\"{&quot;background_background&quot;:&quot;classic&quot;}\">\n\t\t\t<div class=\"elementor-widget-wrap elementor-element-populated\">\n\t\t\t\t\t\t<div class=\"elementor-element elementor-element-1fbee91 elementor-widget elementor-widget-text-editor\" data-id=\"1fbee91\" data-element_type=\"widget\" data-widget_type=\"text-editor.default\">\n\t\t\t\t<div class=\"elementor-widget-container\">\n\t\t\t\t\t\t\t\t\t<h1>Diffusions en direct<\/h1><p>Consultez ici notre derni\u00e8re \u00e9mission en direct.<\/p>\t\t\t\t\t\t\t\t<\/div>\n\t\t\t\t<\/div>\n\t\t\t\t<div class=\"elementor-element elementor-element-6d87e47 elementor-widget elementor-widget-text-editor\" data-id=\"6d87e47\" data-element_type=\"widget\" data-widget_type=\"text-editor.default\">\n\t\t\t\t<div class=\"elementor-widget-container\">\n\t\t\t\t\t\t\t\t\t<div style=\"padding:56.25% 0 0 0;position:relative;\"><iframe src=\"https:\/\/player.restream.io\/?token=0f7b304ae0d5402a9118b92fc76c0e9f&#038;vwrs=1\" allow=\"autoplay\" allowfullscreen frameborder=\"0\" style=\"position:absolute;top:0;left:0;width:100%;height:100%;\"><\/iframe><\/div>\t\t\t\t\t\t\t\t<\/div>\n\t\t\t\t<\/div>\n\t\t\t\t\t<\/div>\n\t\t<\/div>\n\t\t\t\t\t<\/div>\n\t\t<\/section>\n\t\t\t\t<section class=\"elementor-section elementor-top-section elementor-element elementor-element-4e15edd elementor-section-full_width elementor-section-content-middle elementor-section-height-default elementor-section-height-default\" data-id=\"4e15edd\" data-element_type=\"section\" data-settings=\"{&quot;background_background&quot;:&quot;classic&quot;}\">\n\t\t\t\t\t\t\t<div class=\"elementor-background-overlay\"><\/div>\n\t\t\t\t\t\t\t<div class=\"elementor-container elementor-column-gap-default\">\n\t\t\t\t\t<div class=\"elementor-column elementor-col-100 elementor-top-column elementor-element elementor-element-b9923c7\" data-id=\"b9923c7\" data-element_type=\"column\">\n\t\t\t<div class=\"elementor-widget-wrap elementor-element-populated\">\n\t\t\t\t\t\t<div class=\"elementor-element elementor-element-13e1136 elementor-widget elementor-widget-text-editor\" data-id=\"13e1136\" data-element_type=\"widget\" data-widget_type=\"text-editor.default\">\n\t\t\t\t<div class=\"elementor-widget-container\">\n\t\t\t\t\t\t\t\t\t<h2><span style=\"color: #ffffff;\">Archives vid\u00e9o<\/span><\/h2><p>Vous avez manqu\u00e9 une \u00e9mission ? Consultez nos archives pour voir notre contenu le plus r\u00e9cent.<\/p>\t\t\t\t\t\t\t\t<\/div>\n\t\t\t\t<\/div>\n\t\t\t\t<div class=\"elementor-element elementor-element-695b558 e-transform elementor-widget elementor-widget-eael-creative-button\" data-id=\"695b558\" data-element_type=\"widget\" data-settings=\"{&quot;_transform_translateY_effect_hover&quot;:{&quot;unit&quot;:&quot;px&quot;,&quot;size&quot;:-10,&quot;sizes&quot;:[]},&quot;_transform_translateX_effect_hover&quot;:{&quot;unit&quot;:&quot;px&quot;,&quot;size&quot;:&quot;&quot;,&quot;sizes&quot;:[]},&quot;_transform_translateX_effect_hover_tablet&quot;:{&quot;unit&quot;:&quot;px&quot;,&quot;size&quot;:&quot;&quot;,&quot;sizes&quot;:[]},&quot;_transform_translateX_effect_hover_mobile&quot;:{&quot;unit&quot;:&quot;px&quot;,&quot;size&quot;:&quot;&quot;,&quot;sizes&quot;:[]},&quot;_transform_translateY_effect_hover_tablet&quot;:{&quot;unit&quot;:&quot;px&quot;,&quot;size&quot;:&quot;&quot;,&quot;sizes&quot;:[]},&quot;_transform_translateY_effect_hover_mobile&quot;:{&quot;unit&quot;:&quot;px&quot;,&quot;size&quot;:&quot;&quot;,&quot;sizes&quot;:[]}}\" data-widget_type=\"eael-creative-button.default\">\n\t\t\t\t<div class=\"elementor-widget-container\">\n\t\t\t\t\t        <div class=\"eael-creative-button-wrapper\">\n\n            <a class=\"eael-creative-button eael-creative-button--winona\" href=\"https:\/\/www.youtube.com\/c\/UnitedPentecostalChurchInternational\" target=\"_blank\" data-text=\"Let&#039;s Go!\">\n            \t    \n                <div class=\"creative-button-inner\">\n\n                    \n                    <span class=\"cretive-button-text\">Voir les archives<\/span>\n\n                                    <\/div>\n\t                        <\/a>\n        <\/div>\n        \t\t\t\t<\/div>\n\t\t\t\t<\/div>\n\t\t\t\t\t<\/div>\n\t\t<\/div>\n\t\t\t\t\t<\/div>\n\t\t<\/section>\n\t\t\t\t<\/div>","protected":false},"excerpt":{"rendered":"<p>\u00c9missions en direct Consultez ici notre derni\u00e8re \u00e9mission en direct. Archives vid\u00e9o Vous avez manqu\u00e9 une \u00e9mission ? Consultez nos archives pour voir notre contenu le plus r\u00e9cent. Voir les archives<\/p>","protected":false},"author":6,"featured_media":0,"parent":0,"menu_order":0,"comment_status":"closed","ping_status":"closed","template":"","meta":{"site-sidebar-layout":"no-sidebar","site-content-layout":"page-builder","ast-site-content-layout":"full-width-container","site-content-style":"unboxed","site-sidebar-style":"unboxed","ast-global-header-display":"","ast-banner-title-visibility":"","ast-main-header-display":"","ast-hfb-above-header-display":"","ast-hfb-below-header-display":"","ast-hfb-mobile-header-display":"","site-post-title":"disabled","ast-breadcrumbs-content":"","ast-featured-img":"disabled","footer-sml-layout":"","ast-disable-related-posts":"","theme-transparent-header-meta":"","adv-header-id-meta":"","stick-header-meta":"","header-above-stick-meta":"","header-main-stick-meta":"","header-below-stick-meta":"","astra-migrate-meta-layouts":"set","ast-page-background-enabled":"default","ast-page-background-meta":{"desktop":{"background-color":"var(--ast-global-color-4)","background-image":"","background-repeat":"repeat","background-position":"center center","background-size":"auto","background-attachment":"scroll","background-type":"","background-media":"","overlay-type":"","overlay-color":"","overlay-opacity":"","overlay-gradient":""},"tablet":{"background-color":"","background-image":"","background-repeat":"repeat","background-position":"center center","background-size":"auto","background-attachment":"scroll","background-type":"","background-media":"","overlay-type":"","overlay-color":"","overlay-opacity":"","overlay-gradient":""},"mobile":{"background-color":"","background-image":"","background-repeat":"repeat","background-position":"center center","background-size":"auto","background-attachment":"scroll","background-type":"","background-media":"","overlay-type":"","overlay-color":"","overlay-opacity":"","overlay-gradient":""}},"ast-content-background-meta":{"desktop":{"background-color":"var(--ast-global-color-5)","background-image":"","background-repeat":"repeat","background-position":"center center","background-size":"auto","background-attachment":"scroll","background-type":"","background-media":"","overlay-type":"","overlay-color":"","overlay-opacity":"","overlay-gradient":""},"tablet":{"background-color":"var(--ast-global-color-5)","background-image":"","background-repeat":"repeat","background-position":"center center","background-size":"auto","background-attachment":"scroll","background-type":"","background-media":"","overlay-type":"","overlay-color":"","overlay-opacity":"","overlay-gradient":""},"mobile":{"background-color":"var(--ast-global-color-5)","background-image":"","background-repeat":"repeat","background-position":"center center","background-size":"auto","background-attachment":"scroll","background-type":"","background-media":"","overlay-type":"","overlay-color":"","overlay-opacity":"","overlay-gradient":""}},"footnotes":""},"class_list":["post-1823","page","type-page","status-publish","hentry"],"yoast_head":"<!-- This site is optimized with the Yoast SEO plugin v26.6 - https:\/\/yoast.com\/wordpress\/plugins\/seo\/ -->\n<title>Live - upci.org<\/title>\n<meta name=\"description\" content=\"This page is dedicated to video streaming live events hosted by the United Pentecostal Church International (UPCI).\" \/>\n<meta name=\"robots\" content=\"index, follow, max-snippet:-1, max-image-preview:large, max-video-preview:-1\" \/>\n<link rel=\"canonical\" href=\"https:\/\/upci.org\/fr\/vivre\/\" \/>\n<meta property=\"og:locale\" content=\"fr_FR\" \/>\n<meta property=\"og:type\" content=\"article\" \/>\n<meta property=\"og:title\" content=\"Live - upci.org\" \/>\n<meta property=\"og:description\" content=\"This page is dedicated to video streaming live events hosted by the United Pentecostal Church International (UPCI).\" \/>\n<meta property=\"og:url\" content=\"https:\/\/upci.org\/fr\/vivre\/\" \/>\n<meta property=\"og:site_name\" content=\"upci.org\" \/>\n<meta property=\"article:modified_time\" content=\"2024-10-03T00:03:57+00:00\" \/>\n<meta name=\"twitter:card\" content=\"summary_large_image\" \/>\n<meta name=\"twitter:label1\" content=\"Dur\u00e9e de lecture estim\u00e9e\" \/>\n\t<meta name=\"twitter:data1\" content=\"1 minute\" \/>\n<script type=\"application\/ld+json\" class=\"yoast-schema-graph\">{\"@context\":\"https:\/\/schema.org\",\"@graph\":[{\"@type\":\"WebPage\",\"@id\":\"https:\/\/upci.org\/live\/\",\"url\":\"https:\/\/upci.org\/live\/\",\"name\":\"Live - upci.org\",\"isPartOf\":{\"@id\":\"https:\/\/upci.org\/#website\"},\"datePublished\":\"2022-08-30T20:16:25+00:00\",\"dateModified\":\"2024-10-03T00:03:57+00:00\",\"description\":\"This page is dedicated to video streaming live events hosted by the United Pentecostal Church International (UPCI).\",\"breadcrumb\":{\"@id\":\"https:\/\/upci.org\/live\/#breadcrumb\"},\"inLanguage\":\"fr-FR\",\"potentialAction\":[{\"@type\":\"ReadAction\",\"target\":[\"https:\/\/upci.org\/live\/\"]}]},{\"@type\":\"BreadcrumbList\",\"@id\":\"https:\/\/upci.org\/live\/#breadcrumb\",\"itemListElement\":[{\"@type\":\"ListItem\",\"position\":1,\"name\":\"Home\",\"item\":\"https:\/\/upci.org\/\"},{\"@type\":\"ListItem\",\"position\":2,\"name\":\"Live\"}]},{\"@type\":\"WebSite\",\"@id\":\"https:\/\/upci.org\/#website\",\"url\":\"https:\/\/upci.org\/\",\"name\":\"upci.org\",\"description\":\"United Pentecostal Church International\",\"publisher\":{\"@id\":\"https:\/\/upci.org\/#organization\"},\"potentialAction\":[{\"@type\":\"SearchAction\",\"target\":{\"@type\":\"EntryPoint\",\"urlTemplate\":\"https:\/\/upci.org\/?s={search_term_string}\"},\"query-input\":{\"@type\":\"PropertyValueSpecification\",\"valueRequired\":true,\"valueName\":\"search_term_string\"}}],\"inLanguage\":\"fr-FR\"},{\"@type\":\"Organization\",\"@id\":\"https:\/\/upci.org\/#organization\",\"name\":\"United Pentecostal Church International\",\"alternateName\":\"UPCI\",\"url\":\"https:\/\/upci.org\/\",\"logo\":{\"@type\":\"ImageObject\",\"inLanguage\":\"fr-FR\",\"@id\":\"https:\/\/upci.org\/#\/schema\/logo\/image\/\",\"url\":\"https:\/\/i0.wp.com\/upci.org\/wp-content\/uploads\/2022\/02\/cropped-NewUPCILogo_Color_wo_text.png?fit=1333%2C416&ssl=1\",\"contentUrl\":\"https:\/\/i0.wp.com\/upci.org\/wp-content\/uploads\/2022\/02\/cropped-NewUPCILogo_Color_wo_text.png?fit=1333%2C416&ssl=1\",\"width\":1333,\"height\":416,\"caption\":\"United Pentecostal Church International\"},\"image\":{\"@id\":\"https:\/\/upci.org\/#\/schema\/logo\/image\/\"}}]}<\/script>\n<!-- \/ Yoast SEO plugin. -->","yoast_head_json":{"title":"Vivre - upci.org","description":"Cette page est d\u00e9di\u00e9e \u00e0 la retransmission vid\u00e9o en direct des \u00e9v\u00e9nements organis\u00e9s par l'\u00c9glise pentec\u00f4tiste unie internationale (UPCI).","robots":{"index":"index","follow":"follow","max-snippet":"max-snippet:-1","max-image-preview":"max-image-preview:large","max-video-preview":"max-video-preview:-1"},"canonical":"https:\/\/upci.org\/fr\/vivre\/","og_locale":"fr_FR","og_type":"article","og_title":"Live - upci.org","og_description":"This page is dedicated to video streaming live events hosted by the United Pentecostal Church International (UPCI).","og_url":"https:\/\/upci.org\/fr\/vivre\/","og_site_name":"upci.org","article_modified_time":"2024-10-03T00:03:57+00:00","twitter_card":"summary_large_image","twitter_misc":{"Dur\u00e9e de lecture estim\u00e9e":"1 minute"},"schema":{"@context":"https:\/\/schema.org","@graph":[{"@type":"WebPage","@id":"https:\/\/upci.org\/live\/","url":"https:\/\/upci.org\/live\/","name":"Vivre - upci.org","isPartOf":{"@id":"https:\/\/upci.org\/#website"},"datePublished":"2022-08-30T20:16:25+00:00","dateModified":"2024-10-03T00:03:57+00:00","description":"Cette page est d\u00e9di\u00e9e \u00e0 la retransmission vid\u00e9o en direct des \u00e9v\u00e9nements organis\u00e9s par l'\u00c9glise pentec\u00f4tiste unie internationale (UPCI).","breadcrumb":{"@id":"https:\/\/upci.org\/live\/#breadcrumb"},"inLanguage":"fr-FR","potentialAction":[{"@type":"ReadAction","target":["https:\/\/upci.org\/live\/"]}]},{"@type":"BreadcrumbList","@id":"https:\/\/upci.org\/live\/#breadcrumb","itemListElement":[{"@type":"ListItem","position":1,"name":"Home","item":"https:\/\/upci.org\/"},{"@type":"ListItem","position":2,"name":"Live"}]},{"@type":"WebSite","@id":"https:\/\/upci.org\/#website","url":"https:\/\/upci.org\/","name":"upci.org","description":"\u00c9glise Pentec\u00f4tiste Unie Internationale","publisher":{"@id":"https:\/\/upci.org\/#organization"},"potentialAction":[{"@type":"SearchAction","target":{"@type":"EntryPoint","urlTemplate":"https:\/\/upci.org\/?s={search_term_string}"},"query-input":{"@type":"PropertyValueSpecification","valueRequired":true,"valueName":"search_term_string"}}],"inLanguage":"fr-FR"},{"@type":"Organization","@id":"https:\/\/upci.org\/#organization","name":"\u00c9glise Pentec\u00f4tiste Unie Internationale","alternateName":"UPCI","url":"https:\/\/upci.org\/","logo":{"@type":"ImageObject","inLanguage":"fr-FR","@id":"https:\/\/upci.org\/#\/schema\/logo\/image\/","url":"https:\/\/i0.wp.com\/upci.org\/wp-content\/uploads\/2022\/02\/cropped-NewUPCILogo_Color_wo_text.png?fit=1333%2C416&ssl=1","contentUrl":"https:\/\/i0.wp.com\/upci.org\/wp-content\/uploads\/2022\/02\/cropped-NewUPCILogo_Color_wo_text.png?fit=1333%2C416&ssl=1","width":1333,"height":416,"caption":"United Pentecostal Church International"},"image":{"@id":"https:\/\/upci.org\/#\/schema\/logo\/image\/"}}]}},"jetpack_sharing_enabled":true,"_links":{"self":[{"href":"https:\/\/upci.org\/fr\/wp-json\/wp\/v2\/pages\/1823","targetHints":{"allow":["GET"]}}],"collection":[{"href":"https:\/\/upci.org\/fr\/wp-json\/wp\/v2\/pages"}],"about":[{"href":"https:\/\/upci.org\/fr\/wp-json\/wp\/v2\/types\/page"}],"author":[{"embeddable":true,"href":"https:\/\/upci.org\/fr\/wp-json\/wp\/v2\/users\/6"}],"replies":[{"embeddable":true,"href":"https:\/\/upci.org\/fr\/wp-json\/wp\/v2\/comments?post=1823"}],"version-history":[{"count":26,"href":"https:\/\/upci.org\/fr\/wp-json\/wp\/v2\/pages\/1823\/revisions"}],"predecessor-version":[{"id":8391,"href":"https:\/\/upci.org\/fr\/wp-json\/wp\/v2\/pages\/1823\/revisions\/8391"}],"wp:attachment":[{"href":"https:\/\/upci.org\/fr\/wp-json\/wp\/v2\/media?parent=1823"}],"curies":[{"name":"wp","href":"https:\/\/api.w.org\/{rel}","templated":true}]}}