{"id":6913,"date":"2024-02-09T19:59:02","date_gmt":"2024-02-09T19:59:02","guid":{"rendered":"https:\/\/upci.org\/?page_id=6913"},"modified":"2024-04-12T17:33:12","modified_gmt":"2024-04-12T17:33:12","slug":"aumonerie","status":"publish","type":"page","link":"https:\/\/upci.org\/fr\/aumonerie\/","title":{"rendered":"Minist\u00e8res de l'aum\u00f4nerie"},"content":{"rendered":"<div data-elementor-type=\"wp-page\" data-elementor-id=\"6913\" class=\"elementor elementor-6913\" data-elementor-post-type=\"page\">\n\t\t\t\t\t\t<section class=\"elementor-section elementor-top-section elementor-element elementor-element-173bc46 elementor-section-full_width elementor-section-height-default elementor-section-height-default\" data-id=\"173bc46\" data-element_type=\"section\" data-settings=\"{&quot;background_background&quot;:&quot;classic&quot;}\">\n\t\t\t\t\t\t\t<div class=\"elementor-background-overlay\"><\/div>\n\t\t\t\t\t\t\t<div class=\"elementor-container elementor-column-gap-default\">\n\t\t\t\t\t<div class=\"elementor-column elementor-col-100 elementor-top-column elementor-element elementor-element-e18648c\" data-id=\"e18648c\" data-element_type=\"column\">\n\t\t\t<div class=\"elementor-widget-wrap elementor-element-populated\">\n\t\t\t\t\t\t<div class=\"elementor-element elementor-element-543a41f elementor-widget elementor-widget-text-editor\" data-id=\"543a41f\" data-element_type=\"widget\" data-widget_type=\"text-editor.default\">\n\t\t\t\t<div class=\"elementor-widget-container\">\n\t\t\t\t\t\t\t\t\t<p>Minist\u00e8res de l'aum\u00f4nerie<\/p>\t\t\t\t\t\t\t\t<\/div>\n\t\t\t\t<\/div>\n\t\t\t\t\t<\/div>\n\t\t<\/div>\n\t\t\t\t\t<\/div>\n\t\t<\/section>\n\t\t\t\t<section class=\"elementor-section elementor-top-section elementor-element elementor-element-7d2aff0 elementor-section-full_width elementor-section-content-top elementor-section-height-default elementor-section-height-default\" data-id=\"7d2aff0\" data-element_type=\"section\" data-settings=\"{&quot;background_background&quot;:&quot;classic&quot;}\">\n\t\t\t\t\t\t\t<div class=\"elementor-background-overlay\"><\/div>\n\t\t\t\t\t\t\t<div class=\"elementor-container elementor-column-gap-wide\">\n\t\t\t\t\t<div class=\"elementor-column elementor-col-100 elementor-top-column elementor-element elementor-element-122068db\" data-id=\"122068db\" data-element_type=\"column\">\n\t\t\t<div class=\"elementor-widget-wrap elementor-element-populated\">\n\t\t\t\t\t\t<section class=\"elementor-section elementor-inner-section elementor-element elementor-element-d928488 elementor-section-full_width elementor-section-height-default elementor-section-height-default\" data-id=\"d928488\" data-element_type=\"section\">\n\t\t\t\t\t\t<div class=\"elementor-container elementor-column-gap-default\">\n\t\t\t\t\t<div class=\"elementor-column elementor-col-33 elementor-inner-column elementor-element elementor-element-1adcb19\" data-id=\"1adcb19\" data-element_type=\"column\" data-settings=\"{&quot;background_background&quot;:&quot;classic&quot;}\">\n\t\t\t<div class=\"elementor-widget-wrap elementor-element-populated\">\n\t\t\t\t\t\t<div class=\"elementor-element elementor-element-a48ca17 eael-team-align-eael-team-align-default elementor-widget elementor-widget-eael-team-member\" data-id=\"a48ca17\" data-element_type=\"widget\" data-widget_type=\"eael-team-member.default\">\n\t\t\t\t<div class=\"elementor-widget-container\">\n\t\t\t\t\t\n\n\t<div id=\"eael-team-member-a48ca17\" class=\"eael-team-item eael-team-members-simple\">\n\t\t<div class=\"eael-team-item-inner\">\n\t\t\t<div class=\"eael-team-image\">\n\t\t\t\t<figure>\n\t\t\t\t\t\t\t\t\t\t<img decoding=\"async\" src=\"https:\/\/i0.wp.com\/upci.org\/wp-content\/uploads\/2024\/02\/Chaplain_Page_Logo-03.png?fit=834%2C417&#038;ssl=1\" alt=\"\">\n\t\t\t\t\t\t\t\t\t<\/figure>\n\t\t\t\t\n\t\t\t\t\n\t\t\t<\/div>\n\n\t\t\t<div class=\"eael-team-content\">\n\t\t\t\t<h2 class=\"eael-team-member-name\">Aum\u00f4nerie militaire<\/h2><h3 class=\"eael-team-member-position\"><\/h3>\n\t\t\t\t\t\t\t\t\t\t\t\t\t\t\t<ul class=\"eael-team-member-social-profiles\">\n\t\t\t\t\t\t\t\t\t\t\t\t\t\t\t\t\t\t\t\t\t\t\t\t\t\t\t\t\t\t\t\t\t\t\t\t\t\t\t\t\t<li class=\"eael-team-member-social-link\">\n\t\t\t\t\t\t\t\t\t\t<a href=\"https:\/\/dmc.upci.org\/\" target=\"_blank\">\n\t\t\t\t\t\t\t\t\t\t\t\t\t\t\t\t\t\t\t\t\t\t\t<i aria-hidden=\"true\" class=\"fas fa-desktop\"><\/i>\t\t\t\t\t\t\t\t\t\t\t\t\t\t\t\t\t\t\t\t\t<\/a>\n\t\t\t\t\t\t\t\t\t<\/li>\n\t\t\t\t\t\t\t\t\t\t\t\t\t\t\t\t\t\t\t\t\t<\/ul>\n\t\t\t\t\t\t\t\t\t\t<p class=\"eael-team-text\">Le d\u00e9partement de l'aum\u00f4nerie militaire de l'UPCI est au service des 2,91 millions de militaires am\u00e9ricains, des civils et de leurs familles.  Sa mission est de fournir des aum\u00f4niers apostoliques comp\u00e9tents, pr\u00eats et adaptables, capables d'exercer un minist\u00e8re complet qui donne \u00e0 la famille du minist\u00e8re de la D\u00e9fense les moyens de vivre et de servir.<\/p>\n\t\t\t\t\t\t\t<\/div>\n\t\t<\/div>\n\t<\/div>\n\t\t\t\t\t<\/div>\n\t\t\t\t<\/div>\n\t\t\t\t\t<\/div>\n\t\t<\/div>\n\t\t\t\t<div class=\"elementor-column elementor-col-33 elementor-inner-column elementor-element elementor-element-f5ea620\" data-id=\"f5ea620\" data-element_type=\"column\" data-settings=\"{&quot;background_background&quot;:&quot;classic&quot;}\">\n\t\t\t<div class=\"elementor-widget-wrap elementor-element-populated\">\n\t\t\t\t\t\t<div class=\"elementor-element elementor-element-19986c6 eael-team-align-eael-team-align-default elementor-widget elementor-widget-eael-team-member\" data-id=\"19986c6\" data-element_type=\"widget\" data-widget_type=\"eael-team-member.default\">\n\t\t\t\t<div class=\"elementor-widget-container\">\n\t\t\t\t\t\n\n\t<div id=\"eael-team-member-19986c6\" class=\"eael-team-item eael-team-members-simple\">\n\t\t<div class=\"eael-team-item-inner\">\n\t\t\t<div class=\"eael-team-image\">\n\t\t\t\t<figure>\n\t\t\t\t\t\t\t\t\t\t<img decoding=\"async\" src=\"https:\/\/i0.wp.com\/upci.org\/wp-content\/uploads\/2024\/02\/Chaplain_Page_Logo-01.png?fit=834%2C417&#038;ssl=1\" alt=\"\">\n\t\t\t\t\t\t\t\t\t<\/figure>\n\t\t\t\t\n\t\t\t\t\n\t\t\t<\/div>\n\n\t\t\t<div class=\"eael-team-content\">\n\t\t\t\t<h2 class=\"eael-team-member-name\">Minist\u00e8re chr\u00e9tien des prisonniers<\/h2><h3 class=\"eael-team-member-position\"><\/h3>\n\t\t\t\t\t\t\t\t\t\t\t\t\t\t\t<ul class=\"eael-team-member-social-profiles\">\n\t\t\t\t\t\t\t\t\t\t\t\t\t\t\t\t\t\t\t\t\t\t\t\t\t\t\t\t\t\t\t\t\t\t\t\t\t\t\t\t\t<li class=\"eael-team-member-social-link\">\n\t\t\t\t\t\t\t\t\t\t<a href=\"https:\/\/prisonministry.faith\/\" target=\"_blank\">\n\t\t\t\t\t\t\t\t\t\t\t\t\t\t\t\t\t\t\t\t\t\t\t<i aria-hidden=\"true\" class=\"fas fa-desktop\"><\/i>\t\t\t\t\t\t\t\t\t\t\t\t\t\t\t\t\t\t\t\t\t<\/a>\n\t\t\t\t\t\t\t\t\t<\/li>\n\t\t\t\t\t\t\t\t\t\t\t\t\t\t\t\t\t\t\t\t\t\t\t\t\t\t\t\t\t\t\t\t\t\t\t\t\t\t\t\t\t\t\t\t\t\t\t\t\t<li class=\"eael-team-member-social-link\">\n\t\t\t\t\t\t\t\t\t\t<a href=\"http:\/\/cms.webtxt.com\/promo\/cpm\" target=\"_blank\">\n\t\t\t\t\t\t\t\t\t\t\t\t\t\t\t\t\t\t\t\t\t\t\t<i aria-hidden=\"true\" class=\"fas fa-mobile-alt\"><\/i>\t\t\t\t\t\t\t\t\t\t\t\t\t\t\t\t\t\t\t\t\t<\/a>\n\t\t\t\t\t\t\t\t\t<\/li>\n\t\t\t\t\t\t\t\t\t\t\t\t\t\t\t\t\t\t\t\t\t\t\t\t\t\t\t\t\t\t\t\t\t\t\t\t\t\t\t\t\t\t\t\t\t\t\t\t\t<li class=\"eael-team-member-social-link\">\n\t\t\t\t\t\t\t\t\t\t<a href=\"https:\/\/www.facebook.com\/ChristianPrisonerMinistry\" target=\"_blank\">\n\t\t\t\t\t\t\t\t\t\t\t\t\t\t\t\t\t\t\t\t\t\t\t<i aria-hidden=\"true\" class=\"fab fa-facebook\"><\/i>\t\t\t\t\t\t\t\t\t\t\t\t\t\t\t\t\t\t\t\t\t<\/a>\n\t\t\t\t\t\t\t\t\t<\/li>\n\t\t\t\t\t\t\t\t\t\t\t\t\t\t\t\t\t\t\t\t\t\t\t\t\t\t\t\t\t\t\t\t\t\t\t\t\t\t\t\t\t\t\t\t\t\t\t\t\t<li class=\"eael-team-member-social-link\">\n\t\t\t\t\t\t\t\t\t\t<a href=\"https:\/\/www.instagram.com\/upcichristianprisonerministry\" target=\"_blank\">\n\t\t\t\t\t\t\t\t\t\t\t\t\t\t\t\t\t\t\t\t\t\t\t<i aria-hidden=\"true\" class=\"fab fa-instagram\"><\/i>\t\t\t\t\t\t\t\t\t\t\t\t\t\t\t\t\t\t\t\t\t<\/a>\n\t\t\t\t\t\t\t\t\t<\/li>\n\t\t\t\t\t\t\t\t\t\t\t\t\t\t\t\t\t\t\t\t\t<\/ul>\n\t\t\t\t\t\t\t\t\t\t<p class=\"eael-team-text\">Le CPM s'associe \u00e0 des \u00e9glises locales dans toute l'Am\u00e9rique du Nord pour fournir des outils permettant aux b\u00e9n\u00e9voles engag\u00e9s d'acqu\u00e9rir les comp\u00e9tences, les qualifications et les titres n\u00e9cessaires pour exercer un minist\u00e8re efficace aupr\u00e8s des 7,4 millions de personnes plac\u00e9es sous surveillance p\u00e9nitentiaire, ainsi que de leurs familles.<\/p>\n\t\t\t\t\t\t\t<\/div>\n\t\t<\/div>\n\t<\/div>\n\t\t\t\t\t<\/div>\n\t\t\t\t<\/div>\n\t\t\t\t\t<\/div>\n\t\t<\/div>\n\t\t\t\t<div class=\"elementor-column elementor-col-33 elementor-inner-column elementor-element elementor-element-e9fee73\" data-id=\"e9fee73\" data-element_type=\"column\" data-settings=\"{&quot;background_background&quot;:&quot;classic&quot;}\">\n\t\t\t<div class=\"elementor-widget-wrap elementor-element-populated\">\n\t\t\t\t\t\t<div class=\"elementor-element elementor-element-72bf9df eael-team-align-eael-team-align-default elementor-widget elementor-widget-eael-team-member\" data-id=\"72bf9df\" data-element_type=\"widget\" data-widget_type=\"eael-team-member.default\">\n\t\t\t\t<div class=\"elementor-widget-container\">\n\t\t\t\t\t\n\n\t<div id=\"eael-team-member-72bf9df\" class=\"eael-team-item eael-team-members-simple\">\n\t\t<div class=\"eael-team-item-inner\">\n\t\t\t<div class=\"eael-team-image\">\n\t\t\t\t<figure>\n\t\t\t\t\t\t\t\t\t\t<img decoding=\"async\" src=\"https:\/\/i0.wp.com\/upci.org\/wp-content\/uploads\/2024\/02\/Chaplain_Page_Logo-02.png?fit=834%2C417&#038;ssl=1\" alt=\"\">\n\t\t\t\t\t\t\t\t\t<\/figure>\n\t\t\t\t\n\t\t\t\t\n\t\t\t<\/div>\n\n\t\t\t<div class=\"eael-team-content\">\n\t\t\t\t<h2 class=\"eael-team-member-name\">Minist\u00e8res de l'aum\u00f4nerie<\/h2><h3 class=\"eael-team-member-position\"><\/h3>\n\t\t\t\t\t\t\t\t\t\t\t\t\t\t\t<ul class=\"eael-team-member-social-profiles\">\n\t\t\t\t\t\t\t\t\t\t\t\t\t\t\t\t\t\t\t\t\t\t\t\t\t\t\t\t\t\t\t\t\t\t\t\t\t\t\t\t\t<li class=\"eael-team-member-social-link\">\n\t\t\t\t\t\t\t\t\t\t<a href=\"https:\/\/www.upcchaplains.net\/\" target=\"_blank\">\n\t\t\t\t\t\t\t\t\t\t\t\t\t\t\t\t\t\t\t\t\t\t\t<i aria-hidden=\"true\" class=\"fas fa-desktop\"><\/i>\t\t\t\t\t\t\t\t\t\t\t\t\t\t\t\t\t\t\t\t\t<\/a>\n\t\t\t\t\t\t\t\t\t<\/li>\n\t\t\t\t\t\t\t\t\t\t\t\t\t\t\t\t\t\t\t\t\t\t\t\t\t\t\t\t\t\t\t\t\t\t\t\t\t\t\t\t\t\t\t\t\t\t\t\t\t<li class=\"eael-team-member-social-link\">\n\t\t\t\t\t\t\t\t\t\t<a href=\"https:\/\/www.facebook.com\/UPCChaplaincyMinistries\" target=\"_blank\">\n\t\t\t\t\t\t\t\t\t\t\t\t\t\t\t\t\t\t\t\t\t\t\t<i aria-hidden=\"true\" class=\"fab fa-facebook\"><\/i>\t\t\t\t\t\t\t\t\t\t\t\t\t\t\t\t\t\t\t\t\t<\/a>\n\t\t\t\t\t\t\t\t\t<\/li>\n\t\t\t\t\t\t\t\t\t\t\t\t\t\t\t\t\t\t\t\t\t<\/ul>\n\t\t\t\t\t\t\t\t\t\t<p class=\"eael-team-text\">Chaplaincy Ministries, une organisation approuv\u00e9e par l'UPCI, est une \u00e9quipe d'aum\u00f4niers multidisciplinaire (forces de l'ordre, pompiers, h\u00f4pitaux, hospices, professions lib\u00e9rales, services correctionnels, services de conseil et autres services sp\u00e9cialis\u00e9s), form\u00e9s professionnellement et habilit\u00e9s par l'Esprit, qui collabore avec des partenaires communautaires et des \u00e9glises pour r\u00e9pondre \u00e0 des besoins humains uniques en assurant un minist\u00e8re de pr\u00e9sence.   <\/p>\n\t\t\t\t\t\t\t<\/div>\n\t\t<\/div>\n\t<\/div>\n\t\t\t\t\t<\/div>\n\t\t\t\t<\/div>\n\t\t\t\t\t<\/div>\n\t\t<\/div>\n\t\t\t\t\t<\/div>\n\t\t<\/section>\n\t\t\t\t\t<\/div>\n\t\t<\/div>\n\t\t\t\t\t<\/div>\n\t\t<\/section>\n\t\t\t\t<\/div>","protected":false},"excerpt":{"rendered":"<p>Minist\u00e8res de l'aum\u00f4nerie Aum\u00f4nerie militaire Le d\u00e9partement de l'aum\u00f4nerie militaire de l'UPCI s'occupe des 2,91 millions de militaires am\u00e9ricains, des civils et de leurs familles. Sa mission est de fournir des aum\u00f4niers apostoliques comp\u00e9tents, pr\u00eats et adaptables, capables d'exercer un minist\u00e8re complet qui donne \u00e0 la famille du minist\u00e8re de la d\u00e9fense les moyens de vivre et de servir. Christian Prisoner Ministry CPM s'associe \u00e0 [...]<\/p>","protected":false},"author":6,"featured_media":0,"parent":0,"menu_order":0,"comment_status":"closed","ping_status":"closed","template":"","meta":{"site-sidebar-layout":"no-sidebar","site-content-layout":"page-builder","ast-site-content-layout":"full-width-container","site-content-style":"unboxed","site-sidebar-style":"unboxed","ast-global-header-display":"","ast-banner-title-visibility":"","ast-main-header-display":"","ast-hfb-above-header-display":"","ast-hfb-below-header-display":"","ast-hfb-mobile-header-display":"","site-post-title":"disabled","ast-breadcrumbs-content":"","ast-featured-img":"disabled","footer-sml-layout":"","ast-disable-related-posts":"","theme-transparent-header-meta":"","adv-header-id-meta":"","stick-header-meta":"","header-above-stick-meta":"","header-main-stick-meta":"","header-below-stick-meta":"","astra-migrate-meta-layouts":"set","ast-page-background-enabled":"default","ast-page-background-meta":{"desktop":{"background-color":"var(--ast-global-color-4)","background-image":"","background-repeat":"repeat","background-position":"center center","background-size":"auto","background-attachment":"scroll","background-type":"","background-media":"","overlay-type":"","overlay-color":"","overlay-opacity":"","overlay-gradient":""},"tablet":{"background-color":"","background-image":"","background-repeat":"repeat","background-position":"center center","background-size":"auto","background-attachment":"scroll","background-type":"","background-media":"","overlay-type":"","overlay-color":"","overlay-opacity":"","overlay-gradient":""},"mobile":{"background-color":"","background-image":"","background-repeat":"repeat","background-position":"center center","background-size":"auto","background-attachment":"scroll","background-type":"","background-media":"","overlay-type":"","overlay-color":"","overlay-opacity":"","overlay-gradient":""}},"ast-content-background-meta":{"desktop":{"background-color":"var(--ast-global-color-5)","background-image":"","background-repeat":"repeat","background-position":"center center","background-size":"auto","background-attachment":"scroll","background-type":"","background-media":"","overlay-type":"","overlay-color":"","overlay-opacity":"","overlay-gradient":""},"tablet":{"background-color":"var(--ast-global-color-5)","background-image":"","background-repeat":"repeat","background-position":"center center","background-size":"auto","background-attachment":"scroll","background-type":"","background-media":"","overlay-type":"","overlay-color":"","overlay-opacity":"","overlay-gradient":""},"mobile":{"background-color":"var(--ast-global-color-5)","background-image":"","background-repeat":"repeat","background-position":"center center","background-size":"auto","background-attachment":"scroll","background-type":"","background-media":"","overlay-type":"","overlay-color":"","overlay-opacity":"","overlay-gradient":""}},"footnotes":""},"class_list":["post-6913","page","type-page","status-publish","hentry"],"yoast_head":"<!-- This site is optimized with the Yoast SEO plugin v26.6 - https:\/\/yoast.com\/wordpress\/plugins\/seo\/ -->\n<title>Chaplaincy Ministries - upci.org<\/title>\n<meta name=\"description\" content=\"The United Pentecostal Church International offers specialized ministries that serve various parts of the community.\" \/>\n<meta name=\"robots\" content=\"index, follow, max-snippet:-1, max-image-preview:large, max-video-preview:-1\" \/>\n<link rel=\"canonical\" href=\"https:\/\/upci.org\/fr\/aumonerie\/\" \/>\n<meta property=\"og:locale\" content=\"fr_FR\" \/>\n<meta property=\"og:type\" content=\"article\" \/>\n<meta property=\"og:title\" content=\"Chaplaincy Ministries - upci.org\" \/>\n<meta property=\"og:description\" content=\"The United Pentecostal Church International offers specialized ministries that serve various parts of the community.\" \/>\n<meta property=\"og:url\" content=\"https:\/\/upci.org\/fr\/aumonerie\/\" \/>\n<meta property=\"og:site_name\" content=\"upci.org\" \/>\n<meta property=\"article:modified_time\" content=\"2024-04-12T17:33:12+00:00\" \/>\n<meta property=\"og:image\" content=\"https:\/\/upci.org\/wp-content\/uploads\/2024\/02\/Chaplain_Page_Logo-03.png\" \/>\n<meta name=\"twitter:card\" content=\"summary_large_image\" \/>\n<script type=\"application\/ld+json\" class=\"yoast-schema-graph\">{\"@context\":\"https:\/\/schema.org\",\"@graph\":[{\"@type\":\"WebPage\",\"@id\":\"https:\/\/upci.org\/chaplaincy\/\",\"url\":\"https:\/\/upci.org\/chaplaincy\/\",\"name\":\"Chaplaincy Ministries - upci.org\",\"isPartOf\":{\"@id\":\"https:\/\/upci.org\/#website\"},\"primaryImageOfPage\":{\"@id\":\"https:\/\/upci.org\/chaplaincy\/#primaryimage\"},\"image\":{\"@id\":\"https:\/\/upci.org\/chaplaincy\/#primaryimage\"},\"thumbnailUrl\":\"https:\/\/upci.org\/wp-content\/uploads\/2024\/02\/Chaplain_Page_Logo-03.png\",\"datePublished\":\"2024-02-09T19:59:02+00:00\",\"dateModified\":\"2024-04-12T17:33:12+00:00\",\"description\":\"The United Pentecostal Church International offers specialized ministries that serve various parts of the community.\",\"breadcrumb\":{\"@id\":\"https:\/\/upci.org\/chaplaincy\/#breadcrumb\"},\"inLanguage\":\"fr-FR\",\"potentialAction\":[{\"@type\":\"ReadAction\",\"target\":[\"https:\/\/upci.org\/chaplaincy\/\"]}]},{\"@type\":\"ImageObject\",\"inLanguage\":\"fr-FR\",\"@id\":\"https:\/\/upci.org\/chaplaincy\/#primaryimage\",\"url\":\"https:\/\/upci.org\/wp-content\/uploads\/2024\/02\/Chaplain_Page_Logo-03.png\",\"contentUrl\":\"https:\/\/upci.org\/wp-content\/uploads\/2024\/02\/Chaplain_Page_Logo-03.png\"},{\"@type\":\"BreadcrumbList\",\"@id\":\"https:\/\/upci.org\/chaplaincy\/#breadcrumb\",\"itemListElement\":[{\"@type\":\"ListItem\",\"position\":1,\"name\":\"Home\",\"item\":\"https:\/\/upci.org\/\"},{\"@type\":\"ListItem\",\"position\":2,\"name\":\"Chaplaincy Ministries\"}]},{\"@type\":\"WebSite\",\"@id\":\"https:\/\/upci.org\/#website\",\"url\":\"https:\/\/upci.org\/\",\"name\":\"upci.org\",\"description\":\"United Pentecostal Church International\",\"publisher\":{\"@id\":\"https:\/\/upci.org\/#organization\"},\"potentialAction\":[{\"@type\":\"SearchAction\",\"target\":{\"@type\":\"EntryPoint\",\"urlTemplate\":\"https:\/\/upci.org\/?s={search_term_string}\"},\"query-input\":{\"@type\":\"PropertyValueSpecification\",\"valueRequired\":true,\"valueName\":\"search_term_string\"}}],\"inLanguage\":\"fr-FR\"},{\"@type\":\"Organization\",\"@id\":\"https:\/\/upci.org\/#organization\",\"name\":\"United Pentecostal Church International\",\"alternateName\":\"UPCI\",\"url\":\"https:\/\/upci.org\/\",\"logo\":{\"@type\":\"ImageObject\",\"inLanguage\":\"fr-FR\",\"@id\":\"https:\/\/upci.org\/#\/schema\/logo\/image\/\",\"url\":\"https:\/\/i0.wp.com\/upci.org\/wp-content\/uploads\/2022\/02\/cropped-NewUPCILogo_Color_wo_text.png?fit=1333%2C416&ssl=1\",\"contentUrl\":\"https:\/\/i0.wp.com\/upci.org\/wp-content\/uploads\/2022\/02\/cropped-NewUPCILogo_Color_wo_text.png?fit=1333%2C416&ssl=1\",\"width\":1333,\"height\":416,\"caption\":\"United Pentecostal Church International\"},\"image\":{\"@id\":\"https:\/\/upci.org\/#\/schema\/logo\/image\/\"}}]}<\/script>\n<!-- \/ Yoast SEO plugin. -->","yoast_head_json":{"title":"Minist\u00e8res de l'aum\u00f4nerie - upci.org","description":"L'\u00c9glise pentec\u00f4tiste unie internationale propose des minist\u00e8res sp\u00e9cialis\u00e9s qui desservent diverses parties de la communaut\u00e9.","robots":{"index":"index","follow":"follow","max-snippet":"max-snippet:-1","max-image-preview":"max-image-preview:large","max-video-preview":"max-video-preview:-1"},"canonical":"https:\/\/upci.org\/fr\/aumonerie\/","og_locale":"fr_FR","og_type":"article","og_title":"Chaplaincy Ministries - upci.org","og_description":"The United Pentecostal Church International offers specialized ministries that serve various parts of the community.","og_url":"https:\/\/upci.org\/fr\/aumonerie\/","og_site_name":"upci.org","article_modified_time":"2024-04-12T17:33:12+00:00","og_image":[{"url":"https:\/\/upci.org\/wp-content\/uploads\/2024\/02\/Chaplain_Page_Logo-03.png","type":"","width":"","height":""}],"twitter_card":"summary_large_image","schema":{"@context":"https:\/\/schema.org","@graph":[{"@type":"WebPage","@id":"https:\/\/upci.org\/chaplaincy\/","url":"https:\/\/upci.org\/chaplaincy\/","name":"Minist\u00e8res de l'aum\u00f4nerie - upci.org","isPartOf":{"@id":"https:\/\/upci.org\/#website"},"primaryImageOfPage":{"@id":"https:\/\/upci.org\/chaplaincy\/#primaryimage"},"image":{"@id":"https:\/\/upci.org\/chaplaincy\/#primaryimage"},"thumbnailUrl":"https:\/\/upci.org\/wp-content\/uploads\/2024\/02\/Chaplain_Page_Logo-03.png","datePublished":"2024-02-09T19:59:02+00:00","dateModified":"2024-04-12T17:33:12+00:00","description":"L'\u00c9glise pentec\u00f4tiste unie internationale propose des minist\u00e8res sp\u00e9cialis\u00e9s qui desservent diverses parties de la communaut\u00e9.","breadcrumb":{"@id":"https:\/\/upci.org\/chaplaincy\/#breadcrumb"},"inLanguage":"fr-FR","potentialAction":[{"@type":"ReadAction","target":["https:\/\/upci.org\/chaplaincy\/"]}]},{"@type":"ImageObject","inLanguage":"fr-FR","@id":"https:\/\/upci.org\/chaplaincy\/#primaryimage","url":"https:\/\/upci.org\/wp-content\/uploads\/2024\/02\/Chaplain_Page_Logo-03.png","contentUrl":"https:\/\/upci.org\/wp-content\/uploads\/2024\/02\/Chaplain_Page_Logo-03.png"},{"@type":"BreadcrumbList","@id":"https:\/\/upci.org\/chaplaincy\/#breadcrumb","itemListElement":[{"@type":"ListItem","position":1,"name":"Home","item":"https:\/\/upci.org\/"},{"@type":"ListItem","position":2,"name":"Chaplaincy Ministries"}]},{"@type":"WebSite","@id":"https:\/\/upci.org\/#website","url":"https:\/\/upci.org\/","name":"upci.org","description":"\u00c9glise Pentec\u00f4tiste Unie Internationale","publisher":{"@id":"https:\/\/upci.org\/#organization"},"potentialAction":[{"@type":"SearchAction","target":{"@type":"EntryPoint","urlTemplate":"https:\/\/upci.org\/?s={search_term_string}"},"query-input":{"@type":"PropertyValueSpecification","valueRequired":true,"valueName":"search_term_string"}}],"inLanguage":"fr-FR"},{"@type":"Organization","@id":"https:\/\/upci.org\/#organization","name":"\u00c9glise Pentec\u00f4tiste Unie Internationale","alternateName":"UPCI","url":"https:\/\/upci.org\/","logo":{"@type":"ImageObject","inLanguage":"fr-FR","@id":"https:\/\/upci.org\/#\/schema\/logo\/image\/","url":"https:\/\/i0.wp.com\/upci.org\/wp-content\/uploads\/2022\/02\/cropped-NewUPCILogo_Color_wo_text.png?fit=1333%2C416&ssl=1","contentUrl":"https:\/\/i0.wp.com\/upci.org\/wp-content\/uploads\/2022\/02\/cropped-NewUPCILogo_Color_wo_text.png?fit=1333%2C416&ssl=1","width":1333,"height":416,"caption":"United Pentecostal Church International"},"image":{"@id":"https:\/\/upci.org\/#\/schema\/logo\/image\/"}}]}},"jetpack_sharing_enabled":true,"_links":{"self":[{"href":"https:\/\/upci.org\/fr\/wp-json\/wp\/v2\/pages\/6913","targetHints":{"allow":["GET"]}}],"collection":[{"href":"https:\/\/upci.org\/fr\/wp-json\/wp\/v2\/pages"}],"about":[{"href":"https:\/\/upci.org\/fr\/wp-json\/wp\/v2\/types\/page"}],"author":[{"embeddable":true,"href":"https:\/\/upci.org\/fr\/wp-json\/wp\/v2\/users\/6"}],"replies":[{"embeddable":true,"href":"https:\/\/upci.org\/fr\/wp-json\/wp\/v2\/comments?post=6913"}],"version-history":[{"count":94,"href":"https:\/\/upci.org\/fr\/wp-json\/wp\/v2\/pages\/6913\/revisions"}],"predecessor-version":[{"id":7302,"href":"https:\/\/upci.org\/fr\/wp-json\/wp\/v2\/pages\/6913\/revisions\/7302"}],"wp:attachment":[{"href":"https:\/\/upci.org\/fr\/wp-json\/wp\/v2\/media?parent=6913"}],"curies":[{"name":"wp","href":"https:\/\/api.w.org\/{rel}","templated":true}]}}